{"id":641,"date":"2024-02-25T10:09:41","date_gmt":"2024-02-25T10:09:41","guid":{"rendered":"https:\/\/martajane.ultbit.com\/?page_id=641"},"modified":"2024-02-25T10:11:25","modified_gmt":"2024-02-25T10:11:25","slug":"aviso-legal","status":"publish","type":"page","link":"https:\/\/lamartafotografa.com\/ca\/aviso-legal\/","title":{"rendered":"Av\u00eds legal"},"content":{"rendered":"<div data-elementor-type=\"wp-page\" data-elementor-id=\"641\" class=\"elementor elementor-641\" data-elementor-post-type=\"page\">\n\t\t\t\t\t\t<section data-particle_enable=\"false\" data-particle-mobile-disabled=\"false\" class=\"elementor-section elementor-top-section elementor-element elementor-element-8482b9a elementor-section-boxed elementor-section-height-default elementor-section-height-default\" data-id=\"8482b9a\" data-element_type=\"section\" data-settings=\"{&quot;background_background&quot;:&quot;classic&quot;,&quot;background_motion_fx_translateY_effect&quot;:&quot;yes&quot;,&quot;background_motion_fx_motion_fx_scrolling&quot;:&quot;yes&quot;,&quot;background_motion_fx_translateY_direction&quot;:&quot;negative&quot;,&quot;background_motion_fx_translateY_speed&quot;:{&quot;unit&quot;:&quot;px&quot;,&quot;size&quot;:4,&quot;sizes&quot;:[]},&quot;background_motion_fx_translateY_affectedRange&quot;:{&quot;unit&quot;:&quot;%&quot;,&quot;size&quot;:&quot;&quot;,&quot;sizes&quot;:{&quot;start&quot;:0,&quot;end&quot;:100}},&quot;background_motion_fx_devices&quot;:[&quot;desktop&quot;,&quot;tablet&quot;,&quot;mobile&quot;]}\">\n\t\t\t\t\t\t\t<div class=\"elementor-background-overlay\"><\/div>\n\t\t\t\t\t\t\t<div class=\"elementor-container elementor-column-gap-default\">\n\t\t\t\t\t<div class=\"elementor-column elementor-col-100 elementor-top-column elementor-element elementor-element-7d2b74c8\" data-id=\"7d2b74c8\" data-element_type=\"column\">\n\t\t\t<div class=\"elementor-widget-wrap elementor-element-populated\">\n\t\t\t\t\t\t\t<\/div>\n\t\t<\/div>\n\t\t\t\t\t<\/div>\n\t\t<\/section>\n\t\t\t\t<section data-particle_enable=\"false\" data-particle-mobile-disabled=\"false\" class=\"elementor-section elementor-top-section elementor-element elementor-element-1f10529c elementor-section-boxed elementor-section-height-default elementor-section-height-default\" data-id=\"1f10529c\" data-element_type=\"section\">\n\t\t\t\t\t\t<div class=\"elementor-container elementor-column-gap-default\">\n\t\t\t\t\t<div class=\"elementor-column elementor-col-100 elementor-top-column elementor-element elementor-element-6f06f8f5\" data-id=\"6f06f8f5\" data-element_type=\"column\">\n\t\t\t<div class=\"elementor-widget-wrap elementor-element-populated\">\n\t\t\t\t\t\t<div class=\"elementor-element elementor-element-201c1d3 elementor-widget elementor-widget-text-editor\" data-id=\"201c1d3\" data-element_type=\"widget\" data-widget_type=\"text-editor.default\">\n\t\t\t\t<div class=\"elementor-widget-container\">\n\t\t\t\t\t\t\t\t\t<p>De conformitat amb la Llei 34\/2002, de Serveis de la Societat de la Informaci\u00f3 i de Comer\u00e7 Electr\u00f2nic, us informem que aquesta web \u00e9s titularitat de <span style=\"font-weight: 400;\">MARTA JANE GARRIGA<\/span>, (d&#039;ara endavant \u201cEL TITULAR\u201d), amb CIF: <span style=\"font-weight: 400;\">77118901Q<\/span>, amb domicili a <span style=\"font-weight: 400;\">Mas Rossell s\/n 08376 Guardiola de Font Rub\u00ed (Barcelona)<\/span>; tel\u00e8fon <span style=\"font-weight: 400;\">679 724 457.<\/span><\/p><p>\u00a0<\/p><p class=\"titol text-bold text-uppercase\"><strong>PROPIETAT INTEL\u00b7LECTUAL I INDUSTRIAL<\/strong><\/p><p>Els continguts d&#039;aquest lloc, incloent-hi els textos, imatges i dissenys gr\u00e0fics, pertanyen a EL TITULAR, oa tercers que n&#039;han autoritzat l&#039;\u00fas. EL TITULAR presenta aquests continguts amb finalitats dinformaci\u00f3 i promoci\u00f3. EL TITULAR n&#039;autoritza la utilitzaci\u00f3 exclusivament amb aquestes finalitats. Qualsevol utilitzaci\u00f3 d&#039;aquests dissenys, imatges o textos haur\u00e0 de citar expressament la seva pertinen\u00e7a a EL TITULAR, que es reserva el dret a iniciar les accions legals oportunes per reparar els danys i els perjudicis causats per qualsevol acte que vulneri els seus drets de propietat intel\u00b7lectual o industrial.<\/p><p>\u00a0<\/p><p class=\"titol text-bold text-uppercase\"><strong>EXCLUSI\u00d3 DE RESPONSABILITAT<\/strong><\/p><p>EL TITULAR actua amb la m\u00e0xima dilig\u00e8ncia possible perqu\u00e8 les dades i la informaci\u00f3 que ofereix al vostre lloc web estigui actualitzada en tom moment, si b\u00e9 no garanteix ni es fa responsable de l&#039;exactitud i actualitzaci\u00f3 dels continguts del lloc web, reservant-se el dret a modificar aquests continguts en qualsevol moment. EL TITULAR tampoc no ser\u00e0 responsable de la informaci\u00f3 que es pugui obtenir a trav\u00e9s d&#039;enlla\u00e7os inclosos al lloc web.<\/p><p>Les relacions comercials amb els clients es regeixen per les Condicions Generals que, si s&#039;escau, el TITULAR estableixi en un document espec\u00edfic a aquest efecte, o pels pactes concrets que es puguin acordar amb els clients.<\/p><p>\u00a0<\/p><p class=\"titol text-bold text-uppercase\"><strong>CONDICIONS D&#039;\u00daS<\/strong><\/p><p>L\u00b4\u00fas d\u00b4aquest lloc web implica l\u00b4acceptaci\u00f3 plena dels termes del present av\u00eds legal. Els possibles conflictes relatius a aquest lloc web es regiran exclusivament pel dret de l&#039;Estat Espanyol. Tota persona usu\u00e0ria de la web, independentment de la jurisdicci\u00f3 territorial des de la qual es produeixi el seu acc\u00e9s, accepta el compliment i respecte d&#039;aquestes cl\u00e0usules amb ren\u00fancia expressa a qualsevol altre fur que li pogu\u00e9s correspondre.\u00a0<\/p>\t\t\t\t\t\t\t\t<\/div>\n\t\t\t\t<\/div>\n\t\t\t\t\t<\/div>\n\t\t<\/div>\n\t\t\t\t\t<\/div>\n\t\t<\/section>\n\t\t\t\t<\/div>","protected":false},"excerpt":{"rendered":"<p>De conformitat amb la Llei 34\/2002, de Serveis de la Societat de la Informaci\u00f3 i de Comer\u00e7 Electr\u00f2nic, us informem que aquesta web \u00e9s titularitat de MARTA JANE GARRIGA, (d&#039;ara endavant \u201cEL TITULAR\u201d), amb CIF: 77118901Q, amb domicili a Mas Rossell s\/n 08376 Guardiola de Font Rub\u00ed (Barcelona); tel\u00e8fon 679 724 457. PROPIETAT INTEL\u00b7LECTUAL\u2026&nbsp;<a href=\"https:\/\/lamartafotografa.com\/ca\/aviso-legal\/\" rel=\"bookmark\"><span class=\"screen-reader-text\">Av\u00eds legal<\/span><\/a><\/p>","protected":false},"author":1,"featured_media":0,"parent":0,"menu_order":0,"comment_status":"closed","ping_status":"closed","template":"page-templates\/template-pagebuilder-full-width.php","meta":{"neve_meta_sidebar":"","neve_meta_container":"","neve_meta_enable_content_width":"off","neve_meta_content_width":100,"neve_meta_title_alignment":"","neve_meta_author_avatar":"","neve_post_elements_order":"","neve_meta_disable_header":"","neve_meta_disable_footer":"","neve_meta_disable_title":"","_joinchat":[],"footnotes":""},"class_list":["post-641","page","type-page","status-publish","hentry"],"yoast_head":"<!-- This site is optimized with the Yoast SEO plugin v25.9 - https:\/\/yoast.com\/wordpress\/plugins\/seo\/ -->\n<title>Aviso legal - La Marta Fot\u00f2grafa<\/title>\n<meta name=\"robots\" content=\"index, follow, max-snippet:-1, max-image-preview:large, max-video-preview:-1\" \/>\n<link rel=\"canonical\" href=\"https:\/\/lamartafotografa.com\/ca\/aviso-legal\/\" \/>\n<meta property=\"og:locale\" content=\"ca_ES\" \/>\n<meta property=\"og:type\" content=\"article\" \/>\n<meta property=\"og:title\" content=\"Aviso legal - La Marta Fot\u00f2grafa\" \/>\n<meta property=\"og:description\" content=\"De conformidad con la Ley 34\/2002, de Servicios de la Sociedad de la Informaci\u00f3n y de Comercio Electr\u00f3nico, le informamos que esta web es titularidad de MARTA JANE GARRIGA, (en adelante \u201cEL TITULAR\u201d), con CIF: 77118901Q, con domicilio en Mas Rossell s\/n 08376 Guardiola de Font Rub\u00ed (Barcelona); tel\u00e9fono 679 724 457. \u00a0 PROPIEDAD INTELECTUAL&hellip;&nbsp;Aviso legal\" \/>\n<meta property=\"og:url\" content=\"https:\/\/lamartafotografa.com\/ca\/aviso-legal\/\" \/>\n<meta property=\"og:site_name\" content=\"Marta Jan\u00e9 | Fotograf\u00eda infantil y familiar en Barcelona\" \/>\n<meta property=\"article:modified_time\" content=\"2024-02-25T10:11:25+00:00\" \/>\n<meta name=\"twitter:card\" content=\"summary_large_image\" \/>\n<meta name=\"twitter:label1\" content=\"Temps estimat de lectura\" \/>\n\t<meta name=\"twitter:data1\" content=\"2 minuts\" \/>\n<script type=\"application\/ld+json\" class=\"yoast-schema-graph\">{\"@context\":\"https:\/\/schema.org\",\"@graph\":[{\"@type\":\"WebPage\",\"@id\":\"https:\/\/lamartafotografa.com\/aviso-legal\/\",\"url\":\"https:\/\/lamartafotografa.com\/aviso-legal\/\",\"name\":\"Aviso legal - La Marta Fot\u00f2grafa\",\"isPartOf\":{\"@id\":\"https:\/\/lamartafotografa.com\/#website\"},\"datePublished\":\"2024-02-25T10:09:41+00:00\",\"dateModified\":\"2024-02-25T10:11:25+00:00\",\"breadcrumb\":{\"@id\":\"https:\/\/lamartafotografa.com\/aviso-legal\/#breadcrumb\"},\"inLanguage\":\"ca\",\"potentialAction\":[{\"@type\":\"ReadAction\",\"target\":[\"https:\/\/lamartafotografa.com\/aviso-legal\/\"]}]},{\"@type\":\"BreadcrumbList\",\"@id\":\"https:\/\/lamartafotografa.com\/aviso-legal\/#breadcrumb\",\"itemListElement\":[{\"@type\":\"ListItem\",\"position\":1,\"name\":\"Portada\",\"item\":\"https:\/\/lamartafotografa.com\/\"},{\"@type\":\"ListItem\",\"position\":2,\"name\":\"Aviso legal\"}]},{\"@type\":\"WebSite\",\"@id\":\"https:\/\/lamartafotografa.com\/#website\",\"url\":\"https:\/\/lamartafotografa.com\/\",\"name\":\"Marta Jan\u00e9 | Fotograf\u00eda infantil y familiar en Barcelona\",\"description\":\"Fotograf\u00eda infantil y familiar en Barcelona\",\"potentialAction\":[{\"@type\":\"SearchAction\",\"target\":{\"@type\":\"EntryPoint\",\"urlTemplate\":\"https:\/\/lamartafotografa.com\/?s={search_term_string}\"},\"query-input\":{\"@type\":\"PropertyValueSpecification\",\"valueRequired\":true,\"valueName\":\"search_term_string\"}}],\"inLanguage\":\"ca\"}]}<\/script>\n<!-- \/ Yoast SEO plugin. -->","yoast_head_json":{"title":"Av\u00eds legal - La Marta Fot\u00f2grafa","robots":{"index":"index","follow":"follow","max-snippet":"max-snippet:-1","max-image-preview":"max-image-preview:large","max-video-preview":"max-video-preview:-1"},"canonical":"https:\/\/lamartafotografa.com\/ca\/aviso-legal\/","og_locale":"ca_ES","og_type":"article","og_title":"Aviso legal - La Marta Fot\u00f2grafa","og_description":"De conformidad con la Ley 34\/2002, de Servicios de la Sociedad de la Informaci\u00f3n y de Comercio Electr\u00f3nico, le informamos que esta web es titularidad de MARTA JANE GARRIGA, (en adelante \u201cEL TITULAR\u201d), con CIF: 77118901Q, con domicilio en Mas Rossell s\/n 08376 Guardiola de Font Rub\u00ed (Barcelona); tel\u00e9fono 679 724 457. \u00a0 PROPIEDAD INTELECTUAL&hellip;&nbsp;Aviso legal","og_url":"https:\/\/lamartafotografa.com\/ca\/aviso-legal\/","og_site_name":"Marta Jan\u00e9 | Fotograf\u00eda infantil y familiar en Barcelona","article_modified_time":"2024-02-25T10:11:25+00:00","twitter_card":"summary_large_image","twitter_misc":{"Temps estimat de lectura":"2 minuts"},"schema":{"@context":"https:\/\/schema.org","@graph":[{"@type":"WebPage","@id":"https:\/\/lamartafotografa.com\/aviso-legal\/","url":"https:\/\/lamartafotografa.com\/aviso-legal\/","name":"Av\u00eds legal - La Marta Fot\u00f2grafa","isPartOf":{"@id":"https:\/\/lamartafotografa.com\/#website"},"datePublished":"2024-02-25T10:09:41+00:00","dateModified":"2024-02-25T10:11:25+00:00","breadcrumb":{"@id":"https:\/\/lamartafotografa.com\/aviso-legal\/#breadcrumb"},"inLanguage":"ca","potentialAction":[{"@type":"ReadAction","target":["https:\/\/lamartafotografa.com\/aviso-legal\/"]}]},{"@type":"BreadcrumbList","@id":"https:\/\/lamartafotografa.com\/aviso-legal\/#breadcrumb","itemListElement":[{"@type":"ListItem","position":1,"name":"Portada","item":"https:\/\/lamartafotografa.com\/"},{"@type":"ListItem","position":2,"name":"Aviso legal"}]},{"@type":"WebSite","@id":"https:\/\/lamartafotografa.com\/#website","url":"https:\/\/lamartafotografa.com\/","name":"Marta Jan\u00e9 | Fotografia infantil i familiar a Barcelona","description":"Fotografia infantil i familiar a Barcelona","potentialAction":[{"@type":"SearchAction","target":{"@type":"EntryPoint","urlTemplate":"https:\/\/lamartafotografa.com\/?s={search_term_string}"},"query-input":{"@type":"PropertyValueSpecification","valueRequired":true,"valueName":"search_term_string"}}],"inLanguage":"ca"}]}},"_links":{"self":[{"href":"https:\/\/lamartafotografa.com\/ca\/wp-json\/wp\/v2\/pages\/641","targetHints":{"allow":["GET"]}}],"collection":[{"href":"https:\/\/lamartafotografa.com\/ca\/wp-json\/wp\/v2\/pages"}],"about":[{"href":"https:\/\/lamartafotografa.com\/ca\/wp-json\/wp\/v2\/types\/page"}],"author":[{"embeddable":true,"href":"https:\/\/lamartafotografa.com\/ca\/wp-json\/wp\/v2\/users\/1"}],"replies":[{"embeddable":true,"href":"https:\/\/lamartafotografa.com\/ca\/wp-json\/wp\/v2\/comments?post=641"}],"version-history":[{"count":4,"href":"https:\/\/lamartafotografa.com\/ca\/wp-json\/wp\/v2\/pages\/641\/revisions"}],"predecessor-version":[{"id":645,"href":"https:\/\/lamartafotografa.com\/ca\/wp-json\/wp\/v2\/pages\/641\/revisions\/645"}],"wp:attachment":[{"href":"https:\/\/lamartafotografa.com\/ca\/wp-json\/wp\/v2\/media?parent=641"}],"curies":[{"name":"wp","href":"https:\/\/api.w.org\/{rel}","templated":true}]}}