{"id":268,"date":"2024-02-24T09:00:50","date_gmt":"2024-02-24T09:00:50","guid":{"rendered":"https:\/\/martajane.ultbit.com\/?page_id=268"},"modified":"2025-07-24T14:50:39","modified_gmt":"2025-07-24T12:50:39","slug":"blog","status":"publish","type":"page","link":"https:\/\/lamartafotografa.com\/ca\/blog\/","title":{"rendered":"Blog"},"content":{"rendered":"<div data-elementor-type=\"wp-page\" data-elementor-id=\"268\" class=\"elementor elementor-268\" data-elementor-post-type=\"page\">\n\t\t\t\t\t\t<section data-particle_enable=\"false\" data-particle-mobile-disabled=\"false\" class=\"elementor-section elementor-top-section elementor-element elementor-element-666551cb elementor-section-boxed elementor-section-height-default elementor-section-height-default\" data-id=\"666551cb\" data-element_type=\"section\" data-settings=\"{&quot;background_background&quot;:&quot;classic&quot;,&quot;background_motion_fx_translateY_effect&quot;:&quot;yes&quot;,&quot;background_motion_fx_motion_fx_scrolling&quot;:&quot;yes&quot;,&quot;background_motion_fx_translateY_direction&quot;:&quot;negative&quot;,&quot;background_motion_fx_translateY_speed&quot;:{&quot;unit&quot;:&quot;px&quot;,&quot;size&quot;:4,&quot;sizes&quot;:[]},&quot;background_motion_fx_translateY_affectedRange&quot;:{&quot;unit&quot;:&quot;%&quot;,&quot;size&quot;:&quot;&quot;,&quot;sizes&quot;:{&quot;start&quot;:0,&quot;end&quot;:100}},&quot;background_motion_fx_devices&quot;:[&quot;desktop&quot;,&quot;tablet&quot;,&quot;mobile&quot;]}\">\n\t\t\t\t\t\t\t<div class=\"elementor-background-overlay\"><\/div>\n\t\t\t\t\t\t\t<div class=\"elementor-container elementor-column-gap-default\">\n\t\t\t\t\t<div class=\"elementor-column elementor-col-100 elementor-top-column elementor-element elementor-element-79db3141\" data-id=\"79db3141\" data-element_type=\"column\">\n\t\t\t<div class=\"elementor-widget-wrap elementor-element-populated\">\n\t\t\t\t\t\t<div class=\"elementor-element elementor-element-4be797cf animated-slow elementor-invisible elementor-widget elementor-widget-heading\" data-id=\"4be797cf\" data-element_type=\"widget\" data-settings=\"{&quot;_animation&quot;:&quot;fadeInUp&quot;,&quot;_animation_delay&quot;:500}\" data-widget_type=\"heading.default\">\n\t\t\t\t<div class=\"elementor-widget-container\">\n\t\t\t\t\t<h1 class=\"elementor-heading-title elementor-size-default\">BLOG<\/h1>\t\t\t\t<\/div>\n\t\t\t\t<\/div>\n\t\t\t\t\t<\/div>\n\t\t<\/div>\n\t\t\t\t\t<\/div>\n\t\t<\/section>\n\t\t\t\t<section data-particle_enable=\"false\" data-particle-mobile-disabled=\"false\" class=\"elementor-section elementor-top-section elementor-element elementor-element-7a3c3c8b elementor-section-boxed elementor-section-height-default elementor-section-height-default\" data-id=\"7a3c3c8b\" data-element_type=\"section\" data-settings=\"{&quot;background_background&quot;:&quot;classic&quot;}\">\n\t\t\t\t\t\t<div class=\"elementor-container elementor-column-gap-default\">\n\t\t\t\t\t<div class=\"elementor-column elementor-col-100 elementor-top-column elementor-element elementor-element-7fc3aea1\" data-id=\"7fc3aea1\" data-element_type=\"column\">\n\t\t\t<div class=\"elementor-widget-wrap elementor-element-populated\">\n\t\t\t\t\t\t<div class=\"elementor-element elementor-element-15735326 elementor-posts--align-left elementor-grid-tablet-1 elementor-grid-3 elementor-grid-mobile-1 elementor-posts--thumbnail-top elementor-widget elementor-widget-posts\" data-id=\"15735326\" data-element_type=\"widget\" data-settings=\"{&quot;classic_row_gap&quot;:{&quot;unit&quot;:&quot;px&quot;,&quot;size&quot;:40,&quot;sizes&quot;:[]},&quot;classic_columns_tablet&quot;:&quot;1&quot;,&quot;pagination_type&quot;:&quot;numbers_and_prev_next&quot;,&quot;classic_columns&quot;:&quot;3&quot;,&quot;classic_columns_mobile&quot;:&quot;1&quot;,&quot;classic_row_gap_tablet&quot;:{&quot;unit&quot;:&quot;px&quot;,&quot;size&quot;:&quot;&quot;,&quot;sizes&quot;:[]},&quot;classic_row_gap_mobile&quot;:{&quot;unit&quot;:&quot;px&quot;,&quot;size&quot;:&quot;&quot;,&quot;sizes&quot;:[]}}\" data-widget_type=\"posts.classic\">\n\t\t\t\t<div class=\"elementor-widget-container\">\n\t\t\t\t\t\t\t<div class=\"elementor-posts-container elementor-posts elementor-posts--skin-classic elementor-grid\" role=\"list\">\n\t\t\t\t<article class=\"elementor-post elementor-grid-item post-188 post type-post status-publish format-standard has-post-thumbnail hentry category-uncategorized\" role=\"listitem\">\n\t\t\t\t<a class=\"elementor-post__thumbnail__link\" href=\"https:\/\/lamartafotografa.com\/ca\/estreno-nueva-web-una-ventana-a-la-magia-de-la-fotografia-con-la-marta-fotografa\/\" tabindex=\"-1\" >\n\t\t\t<div class=\"elementor-post__thumbnail\"><img fetchpriority=\"high\" decoding=\"async\" width=\"2560\" height=\"1707\" src=\"https:\/\/lamartafotografa.com\/wp-content\/uploads\/2024\/02\/3E3A8525-scaled.jpg\" class=\"attachment-full size-full wp-image-202\" alt=\"\" srcset=\"https:\/\/lamartafotografa.com\/wp-content\/uploads\/2024\/02\/3E3A8525-scaled.jpg 2560w, https:\/\/lamartafotografa.com\/wp-content\/uploads\/2024\/02\/3E3A8525-300x200.jpg 300w, https:\/\/lamartafotografa.com\/wp-content\/uploads\/2024\/02\/3E3A8525-1024x683.jpg 1024w, https:\/\/lamartafotografa.com\/wp-content\/uploads\/2024\/02\/3E3A8525-768x512.jpg 768w, https:\/\/lamartafotografa.com\/wp-content\/uploads\/2024\/02\/3E3A8525-1536x1024.jpg 1536w\" sizes=\"(max-width: 2560px) 100vw, 2560px\" \/><\/div>\n\t\t<\/a>\n\t\t\t\t<div class=\"elementor-post__text\">\n\t\t\t\t<h3 class=\"elementor-post__title\">\n\t\t\t<a href=\"https:\/\/lamartafotografa.com\/ca\/estreno-nueva-web-una-ventana-a-la-magia-de-la-fotografia-con-la-marta-fotografa\/\" >\n\t\t\t\tEstrena Nova web: Una finestra a la m\u00e0gia de la fotografia amb La Marta Fot\u00f2grafa\t\t\t<\/a>\n\t\t<\/h3>\n\t\t\t\t<div class=\"elementor-post__meta-data\">\n\t\t\t\t\t<span class=\"elementor-post-date\">\n\t\t\t23 de febrer de 2024\t\t<\/span>\n\t\t\t\t<\/div>\n\t\t\t\t<div class=\"elementor-post__excerpt\">\n\t\t\t<p>\u00c9s un plaer donar-te la benvinguda a la meva nova p\u00e0gina web! Estic emocionada de presentar-te aquest nou espai digital, que no nom\u00e9s<\/p>\n\t\t<\/div>\n\t\t\t\t<\/div>\n\t\t\t\t<\/article>\n\t\t\t\t<\/div>\n\t\t\n\t\t\t\t\t\t<\/div>\n\t\t\t\t<\/div>\n\t\t\t\t\t<\/div>\n\t\t<\/div>\n\t\t\t\t\t<\/div>\n\t\t<\/section>\n\t\t\t\t<\/div>","protected":false},"excerpt":{"rendered":"<p>BLOG<\/p>","protected":false},"author":1,"featured_media":0,"parent":0,"menu_order":0,"comment_status":"closed","ping_status":"closed","template":"page-templates\/template-pagebuilder-full-width.php","meta":{"neve_meta_sidebar":"","neve_meta_container":"","neve_meta_enable_content_width":"off","neve_meta_content_width":100,"neve_meta_title_alignment":"","neve_meta_author_avatar":"","neve_post_elements_order":"","neve_meta_disable_header":"","neve_meta_disable_footer":"","neve_meta_disable_title":"","_joinchat":[],"footnotes":""},"class_list":["post-268","page","type-page","status-publish","hentry"],"yoast_head":"<!-- This site is optimized with the Yoast SEO plugin v25.9 - https:\/\/yoast.com\/wordpress\/plugins\/seo\/ -->\n<title>Blog - La Marta Fot\u00f2grafa<\/title>\n<meta name=\"robots\" content=\"index, follow, max-snippet:-1, max-image-preview:large, max-video-preview:-1\" \/>\n<link rel=\"canonical\" href=\"https:\/\/lamartafotografa.com\/ca\/blog\/\" \/>\n<meta property=\"og:locale\" content=\"ca_ES\" \/>\n<meta property=\"og:type\" content=\"article\" \/>\n<meta property=\"og:title\" content=\"Blog - La Marta Fot\u00f2grafa\" \/>\n<meta property=\"og:description\" content=\"BLOG\" \/>\n<meta property=\"og:url\" content=\"https:\/\/lamartafotografa.com\/ca\/blog\/\" \/>\n<meta property=\"og:site_name\" content=\"Marta Jan\u00e9 | Fotograf\u00eda infantil y familiar en Barcelona\" \/>\n<meta property=\"article:modified_time\" content=\"2025-07-24T12:50:39+00:00\" \/>\n<meta name=\"twitter:card\" content=\"summary_large_image\" \/>\n<meta name=\"twitter:label1\" content=\"Temps estimat de lectura\" \/>\n\t<meta name=\"twitter:data1\" content=\"1 minut\" \/>\n<script type=\"application\/ld+json\" class=\"yoast-schema-graph\">{\"@context\":\"https:\/\/schema.org\",\"@graph\":[{\"@type\":\"WebPage\",\"@id\":\"https:\/\/lamartafotografa.com\/blog\/\",\"url\":\"https:\/\/lamartafotografa.com\/blog\/\",\"name\":\"Blog - La Marta Fot\u00f2grafa\",\"isPartOf\":{\"@id\":\"https:\/\/lamartafotografa.com\/#website\"},\"datePublished\":\"2024-02-24T09:00:50+00:00\",\"dateModified\":\"2025-07-24T12:50:39+00:00\",\"breadcrumb\":{\"@id\":\"https:\/\/lamartafotografa.com\/blog\/#breadcrumb\"},\"inLanguage\":\"ca\",\"potentialAction\":[{\"@type\":\"ReadAction\",\"target\":[\"https:\/\/lamartafotografa.com\/blog\/\"]}]},{\"@type\":\"BreadcrumbList\",\"@id\":\"https:\/\/lamartafotografa.com\/blog\/#breadcrumb\",\"itemListElement\":[{\"@type\":\"ListItem\",\"position\":1,\"name\":\"Portada\",\"item\":\"https:\/\/lamartafotografa.com\/\"},{\"@type\":\"ListItem\",\"position\":2,\"name\":\"Blog\"}]},{\"@type\":\"WebSite\",\"@id\":\"https:\/\/lamartafotografa.com\/#website\",\"url\":\"https:\/\/lamartafotografa.com\/\",\"name\":\"Marta Jan\u00e9 | Fotograf\u00eda infantil y familiar en Barcelona\",\"description\":\"Fotograf\u00eda infantil y familiar en Barcelona\",\"potentialAction\":[{\"@type\":\"SearchAction\",\"target\":{\"@type\":\"EntryPoint\",\"urlTemplate\":\"https:\/\/lamartafotografa.com\/?s={search_term_string}\"},\"query-input\":{\"@type\":\"PropertyValueSpecification\",\"valueRequired\":true,\"valueName\":\"search_term_string\"}}],\"inLanguage\":\"ca\"}]}<\/script>\n<!-- \/ Yoast SEO plugin. -->","yoast_head_json":{"title":"Blog - La Marta Fot\u00f2grafa","robots":{"index":"index","follow":"follow","max-snippet":"max-snippet:-1","max-image-preview":"max-image-preview:large","max-video-preview":"max-video-preview:-1"},"canonical":"https:\/\/lamartafotografa.com\/ca\/blog\/","og_locale":"ca_ES","og_type":"article","og_title":"Blog - La Marta Fot\u00f2grafa","og_description":"BLOG","og_url":"https:\/\/lamartafotografa.com\/ca\/blog\/","og_site_name":"Marta Jan\u00e9 | Fotograf\u00eda infantil y familiar en Barcelona","article_modified_time":"2025-07-24T12:50:39+00:00","twitter_card":"summary_large_image","twitter_misc":{"Temps estimat de lectura":"1 minut"},"schema":{"@context":"https:\/\/schema.org","@graph":[{"@type":"WebPage","@id":"https:\/\/lamartafotografa.com\/blog\/","url":"https:\/\/lamartafotografa.com\/blog\/","name":"Blog - La Marta Fot\u00f2grafa","isPartOf":{"@id":"https:\/\/lamartafotografa.com\/#website"},"datePublished":"2024-02-24T09:00:50+00:00","dateModified":"2025-07-24T12:50:39+00:00","breadcrumb":{"@id":"https:\/\/lamartafotografa.com\/blog\/#breadcrumb"},"inLanguage":"ca","potentialAction":[{"@type":"ReadAction","target":["https:\/\/lamartafotografa.com\/blog\/"]}]},{"@type":"BreadcrumbList","@id":"https:\/\/lamartafotografa.com\/blog\/#breadcrumb","itemListElement":[{"@type":"ListItem","position":1,"name":"Portada","item":"https:\/\/lamartafotografa.com\/"},{"@type":"ListItem","position":2,"name":"Blog"}]},{"@type":"WebSite","@id":"https:\/\/lamartafotografa.com\/#website","url":"https:\/\/lamartafotografa.com\/","name":"Marta Jan\u00e9 | Fotografia infantil i familiar a Barcelona","description":"Fotografia infantil i familiar a Barcelona","potentialAction":[{"@type":"SearchAction","target":{"@type":"EntryPoint","urlTemplate":"https:\/\/lamartafotografa.com\/?s={search_term_string}"},"query-input":{"@type":"PropertyValueSpecification","valueRequired":true,"valueName":"search_term_string"}}],"inLanguage":"ca"}]}},"_links":{"self":[{"href":"https:\/\/lamartafotografa.com\/ca\/wp-json\/wp\/v2\/pages\/268","targetHints":{"allow":["GET"]}}],"collection":[{"href":"https:\/\/lamartafotografa.com\/ca\/wp-json\/wp\/v2\/pages"}],"about":[{"href":"https:\/\/lamartafotografa.com\/ca\/wp-json\/wp\/v2\/types\/page"}],"author":[{"embeddable":true,"href":"https:\/\/lamartafotografa.com\/ca\/wp-json\/wp\/v2\/users\/1"}],"replies":[{"embeddable":true,"href":"https:\/\/lamartafotografa.com\/ca\/wp-json\/wp\/v2\/comments?post=268"}],"version-history":[{"count":13,"href":"https:\/\/lamartafotografa.com\/ca\/wp-json\/wp\/v2\/pages\/268\/revisions"}],"predecessor-version":[{"id":1707,"href":"https:\/\/lamartafotografa.com\/ca\/wp-json\/wp\/v2\/pages\/268\/revisions\/1707"}],"wp:attachment":[{"href":"https:\/\/lamartafotografa.com\/ca\/wp-json\/wp\/v2\/media?parent=268"}],"curies":[{"name":"wp","href":"https:\/\/api.w.org\/{rel}","templated":true}]}}